{"id":11,"date":"2023-03-12T19:00:15","date_gmt":"2023-03-12T18:00:15","guid":{"rendered":"https:\/\/lionel-lescornec.com\/?page_id=11"},"modified":"2023-12-12T15:32:35","modified_gmt":"2023-12-12T14:32:35","slug":"accueil","status":"publish","type":"page","link":"https:\/\/lionel-lescornec.com\/","title":{"rendered":"Accueil"},"content":{"rendered":"\n<div class=\"wp-block-media-text alignfull is-stacked-on-mobile is-vertically-aligned-center\" style=\"grid-template-columns:48% auto\"><figure class=\"wp-block-media-text__media\"><a href=\"https:\/\/lionel-lescornec.com\/wp-content\/uploads\/2023\/03\/sculpture-09.jpg\" target=\"_blank\" rel=\"noreferrer noopener\"><img loading=\"lazy\" decoding=\"async\" width=\"859\" height=\"960\" src=\"https:\/\/lionel-lescornec.com\/wp-content\/uploads\/2023\/03\/sculpture-09.jpg\" alt=\"\" class=\"wp-image-250 size-medium\" srcset=\"https:\/\/lionel-lescornec.com\/wp-content\/uploads\/2023\/03\/sculpture-09.jpg 859w, https:\/\/lionel-lescornec.com\/wp-content\/uploads\/2023\/03\/sculpture-09-268x300.jpg 268w, https:\/\/lionel-lescornec.com\/wp-content\/uploads\/2023\/03\/sculpture-09-768x858.jpg 768w\" sizes=\"auto, (max-width: 859px) 100vw, 859px\" \/><\/a><\/figure><div class=\"wp-block-media-text__content\">\n<h3 class=\"wp-block-heading has-text-align-center has-cyan-bluish-gray-color has-black-background-color has-text-color has-background\">Lionel Le Scornec<\/h3>\n\n\n\n<p class=\"has-text-align-center has-extra-small-font-size\"><a href=\"#\">Actualit\u00e9s \u2197<\/a><\/p>\n\n\n\n<p>Sculpteur, plasticien et peintre, Lionel Le Scornec con\u00e7oit et r\u00e9alise des \u00e9l\u00e9ments s\u2019int\u00e9grant aux espaces publics ou priv\u00e9s. <\/p>\n\n\n\n<p>C\u2019est un homme imaginatif et constructeur, c\u2019est un braconnier de la mati\u00e8re. Apr\u00e8s avoir utilis\u00e9 pendant de nombreuses ann\u00e9es le bronze, la fonte d\u2019aluminium et l\u2019acier, il s\u2019int\u00e9resse aujourd\u2019hui \u00e0 la t\u00f4le \u00e9maill\u00e9e qui, pour lui, p\u00e9rennise \u00e0 la fois le mat\u00e9riau et la couleur. Il explore les sentiers de la cr\u00e9ation en insufflant aux m\u00e9taux de nouvelles destinations..<\/p>\n\n\n\n<p><\/p>\n\n\n\n<p><em><sup>source: Les entrepreneurs m\u00e9c\u00e8nes<\/sup><\/em><\/p>\n<\/div><\/div>\n\n\n\n<p><\/p>\n","protected":false},"excerpt":{"rendered":"<p>Lionel Le Scornec Actualit\u00e9s \u2197 Sculpteur, plasticien et peintre, Lionel Le Scornec con\u00e7oit et r\u00e9alise des \u00e9l\u00e9ments s\u2019int\u00e9grant aux espaces publics ou priv\u00e9s. C\u2019est un homme imaginatif et constructeur, c\u2019est un braconnier de la mati\u00e8re. Apr\u00e8s avoir utilis\u00e9 pendant de nombreuses ann\u00e9es le bronze, la fonte d\u2019aluminium et l\u2019acier, il s\u2019int\u00e9resse aujourd\u2019hui \u00e0 la t\u00f4le [&hellip;]<\/p>\n","protected":false},"author":2,"featured_media":0,"parent":0,"menu_order":0,"comment_status":"closed","ping_status":"closed","template":"","meta":{"footnotes":""},"folder":[],"class_list":["post-11","page","type-page","status-publish","hentry"],"yoast_head":"<!-- This site is optimized with the Yoast SEO plugin v21.2 - https:\/\/yoast.com\/wordpress\/plugins\/seo\/ -->\n<title>Accueil - Lionel Le Scornec<\/title>\n<meta name=\"robots\" content=\"index, follow, max-snippet:-1, max-image-preview:large, max-video-preview:-1\" \/>\n<link rel=\"canonical\" href=\"https:\/\/lionel-lescornec.com\/\" \/>\n<meta property=\"og:locale\" content=\"fr_FR\" \/>\n<meta property=\"og:type\" content=\"article\" \/>\n<meta property=\"og:title\" content=\"Accueil - Lionel Le Scornec\" \/>\n<meta property=\"og:description\" content=\"Lionel Le Scornec Actualit\u00e9s \u2197 Sculpteur, plasticien et peintre, Lionel Le Scornec con\u00e7oit et r\u00e9alise des \u00e9l\u00e9ments s\u2019int\u00e9grant aux espaces publics ou priv\u00e9s. C\u2019est un homme imaginatif et constructeur, c\u2019est un braconnier de la mati\u00e8re. Apr\u00e8s avoir utilis\u00e9 pendant de nombreuses ann\u00e9es le bronze, la fonte d\u2019aluminium et l\u2019acier, il s\u2019int\u00e9resse aujourd\u2019hui \u00e0 la t\u00f4le [&hellip;]\" \/>\n<meta property=\"og:url\" content=\"https:\/\/lionel-lescornec.com\/\" \/>\n<meta property=\"og:site_name\" content=\"Lionel Le Scornec\" \/>\n<meta property=\"article:modified_time\" content=\"2023-12-12T14:32:35+00:00\" \/>\n<meta property=\"og:image\" content=\"https:\/\/lionel-lescornec.com\/wp-content\/uploads\/2023\/03\/sculpture-09.jpg\" \/>\n<meta name=\"twitter:card\" content=\"summary_large_image\" \/>\n<meta name=\"twitter:label1\" content=\"Dur\u00e9e de lecture estim\u00e9e\" \/>\n\t<meta name=\"twitter:data1\" content=\"1 minute\" \/>\n<script type=\"application\/ld+json\" class=\"yoast-schema-graph\">{\"@context\":\"https:\/\/schema.org\",\"@graph\":[{\"@type\":\"WebPage\",\"@id\":\"https:\/\/lionel-lescornec.com\/\",\"url\":\"https:\/\/lionel-lescornec.com\/\",\"name\":\"Accueil - Lionel Le Scornec\",\"isPartOf\":{\"@id\":\"https:\/\/lionel-lescornec.com\/#website\"},\"datePublished\":\"2023-03-12T18:00:15+00:00\",\"dateModified\":\"2023-12-12T14:32:35+00:00\",\"breadcrumb\":{\"@id\":\"https:\/\/lionel-lescornec.com\/#breadcrumb\"},\"inLanguage\":\"fr-FR\",\"potentialAction\":[{\"@type\":\"ReadAction\",\"target\":[\"https:\/\/lionel-lescornec.com\/\"]}]},{\"@type\":\"BreadcrumbList\",\"@id\":\"https:\/\/lionel-lescornec.com\/#breadcrumb\",\"itemListElement\":[{\"@type\":\"ListItem\",\"position\":1,\"name\":\"Accueil\",\"item\":\"https:\/\/lionel-lescornec.com\/\"},{\"@type\":\"ListItem\",\"position\":2,\"name\":\"Accueil\"}]},{\"@type\":\"WebSite\",\"@id\":\"https:\/\/lionel-lescornec.com\/#website\",\"url\":\"https:\/\/lionel-lescornec.com\/\",\"name\":\"Lionel Le Scornec\",\"description\":\"Plasticien-Sculpteur\",\"potentialAction\":[{\"@type\":\"SearchAction\",\"target\":{\"@type\":\"EntryPoint\",\"urlTemplate\":\"https:\/\/lionel-lescornec.com\/?s={search_term_string}\"},\"query-input\":\"required name=search_term_string\"}],\"inLanguage\":\"fr-FR\"}]}<\/script>\n<!-- \/ Yoast SEO plugin. -->","yoast_head_json":{"title":"Accueil - Lionel Le Scornec","robots":{"index":"index","follow":"follow","max-snippet":"max-snippet:-1","max-image-preview":"max-image-preview:large","max-video-preview":"max-video-preview:-1"},"canonical":"https:\/\/lionel-lescornec.com\/","og_locale":"fr_FR","og_type":"article","og_title":"Accueil - Lionel Le Scornec","og_description":"Lionel Le Scornec Actualit\u00e9s \u2197 Sculpteur, plasticien et peintre, Lionel Le Scornec con\u00e7oit et r\u00e9alise des \u00e9l\u00e9ments s\u2019int\u00e9grant aux espaces publics ou priv\u00e9s. C\u2019est un homme imaginatif et constructeur, c\u2019est un braconnier de la mati\u00e8re. Apr\u00e8s avoir utilis\u00e9 pendant de nombreuses ann\u00e9es le bronze, la fonte d\u2019aluminium et l\u2019acier, il s\u2019int\u00e9resse aujourd\u2019hui \u00e0 la t\u00f4le [&hellip;]","og_url":"https:\/\/lionel-lescornec.com\/","og_site_name":"Lionel Le Scornec","article_modified_time":"2023-12-12T14:32:35+00:00","og_image":[{"url":"https:\/\/lionel-lescornec.com\/wp-content\/uploads\/2023\/03\/sculpture-09.jpg"}],"twitter_card":"summary_large_image","twitter_misc":{"Dur\u00e9e de lecture estim\u00e9e":"1 minute"},"schema":{"@context":"https:\/\/schema.org","@graph":[{"@type":"WebPage","@id":"https:\/\/lionel-lescornec.com\/","url":"https:\/\/lionel-lescornec.com\/","name":"Accueil - Lionel Le Scornec","isPartOf":{"@id":"https:\/\/lionel-lescornec.com\/#website"},"datePublished":"2023-03-12T18:00:15+00:00","dateModified":"2023-12-12T14:32:35+00:00","breadcrumb":{"@id":"https:\/\/lionel-lescornec.com\/#breadcrumb"},"inLanguage":"fr-FR","potentialAction":[{"@type":"ReadAction","target":["https:\/\/lionel-lescornec.com\/"]}]},{"@type":"BreadcrumbList","@id":"https:\/\/lionel-lescornec.com\/#breadcrumb","itemListElement":[{"@type":"ListItem","position":1,"name":"Accueil","item":"https:\/\/lionel-lescornec.com\/"},{"@type":"ListItem","position":2,"name":"Accueil"}]},{"@type":"WebSite","@id":"https:\/\/lionel-lescornec.com\/#website","url":"https:\/\/lionel-lescornec.com\/","name":"Lionel Le Scornec","description":"Plasticien-Sculpteur","potentialAction":[{"@type":"SearchAction","target":{"@type":"EntryPoint","urlTemplate":"https:\/\/lionel-lescornec.com\/?s={search_term_string}"},"query-input":"required name=search_term_string"}],"inLanguage":"fr-FR"}]}},"_links":{"self":[{"href":"https:\/\/lionel-lescornec.com\/index.php?rest_route=\/wp\/v2\/pages\/11","targetHints":{"allow":["GET"]}}],"collection":[{"href":"https:\/\/lionel-lescornec.com\/index.php?rest_route=\/wp\/v2\/pages"}],"about":[{"href":"https:\/\/lionel-lescornec.com\/index.php?rest_route=\/wp\/v2\/types\/page"}],"author":[{"embeddable":true,"href":"https:\/\/lionel-lescornec.com\/index.php?rest_route=\/wp\/v2\/users\/2"}],"replies":[{"embeddable":true,"href":"https:\/\/lionel-lescornec.com\/index.php?rest_route=%2Fwp%2Fv2%2Fcomments&post=11"}],"version-history":[{"count":25,"href":"https:\/\/lionel-lescornec.com\/index.php?rest_route=\/wp\/v2\/pages\/11\/revisions"}],"predecessor-version":[{"id":734,"href":"https:\/\/lionel-lescornec.com\/index.php?rest_route=\/wp\/v2\/pages\/11\/revisions\/734"}],"wp:attachment":[{"href":"https:\/\/lionel-lescornec.com\/index.php?rest_route=%2Fwp%2Fv2%2Fmedia&parent=11"}],"wp:term":[{"taxonomy":"folder","embeddable":true,"href":"https:\/\/lionel-lescornec.com\/index.php?rest_route=%2Fwp%2Fv2%2Ffolder&post=11"}],"curies":[{"name":"wp","href":"https:\/\/api.w.org\/{rel}","templated":true}]}}